{"id":589,"date":"2011-10-06T11:53:06","date_gmt":"2011-10-06T09:53:06","guid":{"rendered":"https:\/\/www.valpiccola.it\/?page_id=589"},"modified":"2023-06-08T19:16:41","modified_gmt":"2023-06-08T17:16:41","slug":"winter","status":"publish","type":"page","link":"https:\/\/www.valpiccola.it\/de\/val-di-zoldo\/winter\/","title":{"rendered":"Winter"},"content":{"rendered":"<h2><em><a href=\"https:\/\/www.valpiccola.it\/wp-content\/uploads\/2011\/05\/da-vedere.jpg\"><br \/><\/a>Winterparadies<br \/><\/em><\/h2>\n<p>Wir haben breite Pisten aller Schwierigkeitsgrade in einer unber\u00fchrten Landschaft aus Fichten-und L\u00e4rchenholz. Dank der gesch\u00fctzten Lage bestehen keine Gefahren wie Lawinen oder starken Winden. Unser Schulpunkt am Pian del Crep ist leicht mit der automatischen Gondelbahn zu erreichen (auch verwendbar mit dem Kinderwagen). Unser Campus, wo sich die Strecke Baby befindet, ist Aufgrund der bevorzugten Lage von Morgens bis in den Mittagsstunden von der Sonne gek\u00fcsst.<\/p>\n<p>Nach dem \u00dcbungsfeld m\u00fcndet die Strecke in einer leichten, 4 Km langen, blauen Piste.<\/p>\n<p>Kinder und Anf\u00e4nger k\u00f6nnen bereits nach wenigen Unterrichtsstunden sicher und alleine die ersten Pisten befahren.<\/p>\n<p>F\u00fcr erfahrenere Skifahrer gibt es neben den Pisten des Ski Civetta-Gebietes auch die Touren durch die Dolomiten mit Skiern: die Gro\u00dfe Kriegstour und die Sellaronda, die nur wenige Kilometer entfernt sind!<br \/>Und dann sollten Sie sich das Nachtskifahren auf den Pisten Foppe und Cristelin nicht entgehen lassen, mit Abendessen oder einer Pause bei hei\u00dfem Tee oder Gl\u00fchwein \u2026<\/p>\n<p>\u00a0<\/p>\n<p><em><strong>Skischule<\/strong><br \/><\/em><\/p>\n<p>Eine Skischule die seit Jahren auf dem Unterricht von Kindern ab 3 Jahren spezialisiert ist. Wir garantieren ph\u00e4nomenale Ergebnisse.<\/p>\n\n\n<p><strong>Nicht nur Skifahren&#8230;<\/strong><\/p>\n\n\n\n<p>Val di Zoldo ist auch das ideale Reiseziel f\u00fcr diejenigen, die nicht Ski fahren oder einen Tag im Schnee auf eine andere Art verbringen m\u00f6chten \u2026 Zu den verschiedenen Aktivit\u00e4ten geh\u00f6ren:<br>&#8211; <strong>Ausfl\u00fcge im Schnee<\/strong> zu Fu\u00df oder mit Schneeschuhen, um die verborgensten Orte der Dolomiten zu entdecken;<br>&#8211; <strong>Skitouren;<\/strong><br>&#8211; <strong>Eislaufen<\/strong> am Fu\u00dfe der Pisten, auch abends ge\u00f6ffnet;<br>&#8211; <strong>Reiten oder Kutschfahrten<\/strong>, eine unterhaltsame und ungew\u00f6hnliche Art, einen Winternachmittag zu verbringen \u2026<\/p>\n","protected":false},"excerpt":{"rendered":"<p>Winterparadies Wir haben breite Pisten aller Schwierigkeitsgrade in einer unber\u00fchrten Landschaft aus Fichten-und<\/p>\n","protected":false},"author":1001003,"featured_media":0,"parent":2631,"menu_order":2,"comment_status":"open","ping_status":"open","template":"page-FullWidth.php","meta":{"_monsterinsights_skip_tracking":false,"_monsterinsights_sitenote_active":false,"_monsterinsights_sitenote_note":"","_monsterinsights_sitenote_category":0,"footnotes":"","_links_to":"","_links_to_target":""},"yoast_head":"<!-- This site is optimized with the Yoast SEO plugin v23.5 - https:\/\/yoast.com\/wordpress\/plugins\/seo\/ -->\n<title>Winter - Residence and SPA Resort Valpiccola<\/title>\n<meta name=\"robots\" content=\"index, follow, max-snippet:-1, max-image-preview:large, max-video-preview:-1\" \/>\n<link rel=\"canonical\" href=\"https:\/\/www.valpiccola.it\/de\/val-di-zoldo\/winter\/\" \/>\n<meta name=\"twitter:label1\" content=\"Gesch\u00e4tzte Lesezeit\" \/>\n\t<meta name=\"twitter:data1\" content=\"2\u00a0Minuten\" \/>\n<script type=\"application\/ld+json\" class=\"yoast-schema-graph\">{\"@context\":\"https:\/\/schema.org\",\"@graph\":[{\"@type\":\"WebPage\",\"@id\":\"https:\/\/www.valpiccola.it\/de\/val-di-zoldo\/winter\/\",\"url\":\"https:\/\/www.valpiccola.it\/de\/val-di-zoldo\/winter\/\",\"name\":\"Winter - Residence and SPA Resort Valpiccola\",\"isPartOf\":{\"@id\":\"https:\/\/www.valpiccola.it\/de\/#website\"},\"datePublished\":\"2011-10-06T09:53:06+00:00\",\"dateModified\":\"2023-06-08T17:16:41+00:00\",\"breadcrumb\":{\"@id\":\"https:\/\/www.valpiccola.it\/de\/val-di-zoldo\/winter\/#breadcrumb\"},\"inLanguage\":\"de\",\"potentialAction\":[{\"@type\":\"ReadAction\",\"target\":[\"https:\/\/www.valpiccola.it\/de\/val-di-zoldo\/winter\/\"]}]},{\"@type\":\"BreadcrumbList\",\"@id\":\"https:\/\/www.valpiccola.it\/de\/val-di-zoldo\/winter\/#breadcrumb\",\"itemListElement\":[{\"@type\":\"ListItem\",\"position\":1,\"name\":\"Val Di Zoldo\",\"item\":\"\/\"},{\"@type\":\"ListItem\",\"position\":2,\"name\":\"Winter\"}]},{\"@type\":\"WebSite\",\"@id\":\"https:\/\/www.valpiccola.it\/de\/#website\",\"url\":\"https:\/\/www.valpiccola.it\/de\/\",\"name\":\"Residence and SPA Resort Valpiccola\",\"description\":\"Vacanze nelle Dolomiti in val di Zoldo - Appartamenti Residence Garni\",\"potentialAction\":[{\"@type\":\"SearchAction\",\"target\":{\"@type\":\"EntryPoint\",\"urlTemplate\":\"https:\/\/www.valpiccola.it\/de\/?s={search_term_string}\"},\"query-input\":{\"@type\":\"PropertyValueSpecification\",\"valueRequired\":true,\"valueName\":\"search_term_string\"}}],\"inLanguage\":\"de\"}]}<\/script>\n<!-- \/ Yoast SEO plugin. -->","yoast_head_json":{"title":"Winter - Residence and SPA Resort Valpiccola","robots":{"index":"index","follow":"follow","max-snippet":"max-snippet:-1","max-image-preview":"max-image-preview:large","max-video-preview":"max-video-preview:-1"},"canonical":"https:\/\/www.valpiccola.it\/de\/val-di-zoldo\/winter\/","twitter_misc":{"Gesch\u00e4tzte Lesezeit":"2\u00a0Minuten"},"schema":{"@context":"https:\/\/schema.org","@graph":[{"@type":"WebPage","@id":"https:\/\/www.valpiccola.it\/de\/val-di-zoldo\/winter\/","url":"https:\/\/www.valpiccola.it\/de\/val-di-zoldo\/winter\/","name":"Winter - Residence and SPA Resort Valpiccola","isPartOf":{"@id":"https:\/\/www.valpiccola.it\/de\/#website"},"datePublished":"2011-10-06T09:53:06+00:00","dateModified":"2023-06-08T17:16:41+00:00","breadcrumb":{"@id":"https:\/\/www.valpiccola.it\/de\/val-di-zoldo\/winter\/#breadcrumb"},"inLanguage":"de","potentialAction":[{"@type":"ReadAction","target":["https:\/\/www.valpiccola.it\/de\/val-di-zoldo\/winter\/"]}]},{"@type":"BreadcrumbList","@id":"https:\/\/www.valpiccola.it\/de\/val-di-zoldo\/winter\/#breadcrumb","itemListElement":[{"@type":"ListItem","position":1,"name":"Val Di Zoldo","item":"\/"},{"@type":"ListItem","position":2,"name":"Winter"}]},{"@type":"WebSite","@id":"https:\/\/www.valpiccola.it\/de\/#website","url":"https:\/\/www.valpiccola.it\/de\/","name":"Residence and SPA Resort Valpiccola","description":"Vacanze nelle Dolomiti in val di Zoldo - Appartamenti Residence Garni","potentialAction":[{"@type":"SearchAction","target":{"@type":"EntryPoint","urlTemplate":"https:\/\/www.valpiccola.it\/de\/?s={search_term_string}"},"query-input":{"@type":"PropertyValueSpecification","valueRequired":true,"valueName":"search_term_string"}}],"inLanguage":"de"}]}},"_links":{"self":[{"href":"https:\/\/www.valpiccola.it\/de\/wp-json\/wp\/v2\/pages\/589"}],"collection":[{"href":"https:\/\/www.valpiccola.it\/de\/wp-json\/wp\/v2\/pages"}],"about":[{"href":"https:\/\/www.valpiccola.it\/de\/wp-json\/wp\/v2\/types\/page"}],"author":[{"embeddable":true,"href":"https:\/\/www.valpiccola.it\/de\/wp-json\/wp\/v2\/users\/1001003"}],"replies":[{"embeddable":true,"href":"https:\/\/www.valpiccola.it\/de\/wp-json\/wp\/v2\/comments?post=589"}],"version-history":[{"count":4,"href":"https:\/\/www.valpiccola.it\/de\/wp-json\/wp\/v2\/pages\/589\/revisions"}],"predecessor-version":[{"id":30949,"href":"https:\/\/www.valpiccola.it\/de\/wp-json\/wp\/v2\/pages\/589\/revisions\/30949"}],"up":[{"embeddable":true,"href":"https:\/\/www.valpiccola.it\/de\/wp-json\/wp\/v2\/pages\/2631"}],"wp:attachment":[{"href":"https:\/\/www.valpiccola.it\/de\/wp-json\/wp\/v2\/media?parent=589"}],"curies":[{"name":"wp","href":"https:\/\/api.w.org\/{rel}","templated":true}]}}