{"id":583,"date":"2011-10-06T11:51:09","date_gmt":"2011-10-06T09:51:09","guid":{"rendered":"https:\/\/www.valpiccola.it\/?page_id=583"},"modified":"2026-04-24T10:30:24","modified_gmt":"2026-04-24T08:30:24","slug":"sommer","status":"publish","type":"page","link":"https:\/\/www.valpiccola.it\/de\/val-di-zoldo\/sommer\/","title":{"rendered":"Sommer"},"content":{"rendered":"<p><strong>Sommerparadies<\/strong><\/p>\r\n<p>Auch in der Sommersaison stellt sich das Residence Valpiccola mit seiner Holzwohnungen vor, um einen unvergesslichen Urlaub zu bieten. Reich an sonnige Tage in engem Kontakt mit der Natur, zwischen versteckte Wanderwege, Bergh\u00fctten und Abende auf unseren Volksfesten.<\/p>\r\n<p>Unser Dorf bietet auch outdoor Aktivit\u00e4ten an, wie z.B.:<br \/>\u2022 Kletterkurse f\u00fcr Anf\u00e4nger oder Fortgeschrittene oder Orientierungslauf am Wochenende mit unseren Bergf\u00fchrern, welche auf das Lesen der Wanderkarten, des Kompasses und des H\u00f6henmesser spezialisiert sind;<\/p>\r\n<p>\u2022 Pferdeausritt f\u00fcr einen ganzen Tag mit Mittagessen auf einer H\u00fctte, um die typischen Produkte des Zoldo Tales zu genie\u00dfen;<br \/>\u2022 abenteuerliche Canyoning Ausfl\u00fcge an Sonntagen zwischen Wasserrutschen und Wilde Lebensr\u00e4ume (alle Aktivit\u00e4ten nach Reservierung, mindestens 4 Teilnehmer);<\/p>\r\n<p>\u2022 Fahrradtouren.<\/p>\r\n<p><strong><em>F\u00fcr die Kleinsten&#8230;<\/em><\/strong><\/p>\r\n<ul>\r\n<li>Gr\u00fcne Kinderwoche : jeden Tag eine verschiedene Aktivit\u00e4t f\u00fcr die Kleinen, zwischen W\u00e4lder, Wiesen, H\u00fctten&#8230;<\/li>\r\n<li>das Residence bietet einen Garten mit Spielplatz.<\/li>\r\n<\/ul>\r\n<p><strong> F\u00fcr Erwachsene&#8230;<\/strong><\/p>\r\n<p>Eine Welt der Aktivit\u00e4ten an der frischen Luft durch die Sch\u00f6nheit der Berggipfel, der verschiedenen Farben bei jedem Wechsel des Lichts &#8230; Unsere Mitarbeiter werden Sie \u00fcber Wanderungen oder Mountainbiken, Dorfausfl\u00fcge oder Museen beraten.<\/p>\r\n<p class=\"p1\"><strong><span class=\"s1\">SOMMER &#8211; <\/span><\/strong><strong><span class=\"s1\">ERLEBE DIE DOLOMITEN<\/span><\/strong><\/p>\r\n<p class=\"p4\"><span class=\"s1\"><i>Es gibt viele Wanderwege in unserem Dorf, wie z.B.. <\/i><\/span><\/p>\r\n<ul>\r\n<li class=\"p4\">Pecol \/ Etappe der W\u00f6rter durch das Tal der Ziolere \/ (eventuell) Coldai Almh\u00fctte\/ Pioda H\u00fctte<\/li>\r\n<\/ul>\r\n<ul class=\"ul1\">\r\n<li class=\"li8\"><span class=\"s1\">Pecol \/ Grava \/Almh\u00fctte Sun Paradis \/<\/span> <span class=\"s1\">Pecol<\/span><\/li>\r\n<\/ul>\r\n<ul class=\"ul1\">\r\n<li class=\"li11\"><span class=\"s1\">Ausflug unter dem Pelmo Berg mit Besichtigung der \u201cFu\u00dfspuren von Dinosaurier\u201d<\/span><\/li>\r\n<\/ul>\r\n<ul class=\"ul1\">\r\n<li class=\"li8\"><span class=\"s1\">Staulanza \/ Col di baldi \/ Fontanafredda \/<\/span> <span class=\"s1\">Staulanza<\/span><\/li>\r\n<\/ul>\r\n<ul class=\"ul1\">\r\n<li class=\"li8\"><span class=\"s1\">Fontanafredda Almh\u00fctte \/ Fertazza \/ Col di Baldi \/ Vescov\u00e1 H\u00fctte \/<\/span> <span class=\"s1\">Fontanafredda<\/span><\/li>\r\n<\/ul>\r\n<ul class=\"ul1\">\r\n<li class=\"li11\"><span class=\"s1\">Staulanza Joch \/ Fiume H\u00fctte \/ Fiorentina Almh\u00fctte\/ Staulanza Joch<\/span><\/li>\r\n<\/ul>\r\n<ul class=\"ul1\">\r\n<li class=\"li12\"><span class=\"s1\">Forno \/ Pramper (Shuttlebus) \/ Forcella Moschesin \/ Pramperet H\u00fctte \/ Pramper Almh\u00fctte \/ Forno<\/span><\/li>\r\n<\/ul>\r\n<ul class=\"ul1\">\r\n<li class=\"li8\"><span class=\"s1\">Pelmo Tour, nur f\u00fcr Erfahrene Personen<\/span><\/li>\r\n<\/ul>\r\n<ul class=\"ul1\">\r\n<li class=\"li8\"><span class=\"s1\">Forno \/ Mezzodi<span class=\"Apple-converted-space\">\u00a0 <\/span>H\u00fctte\/ (eventuell Sora al Sas Almh\u00fctte) \/<\/span> <span class=\"s1\">Forno<\/span><\/li>\r\n<\/ul>\r\n<ul class=\"ul1\">\r\n<li class=\"li13\"><span class=\"s1\">Monte Rite Shuttle \/ zur\u00fcck \u00fcber val<\/span> <span class=\"s1\">Inferno<\/span><\/li>\r\n<\/ul>\r\n<p class=\"p14\">\u00a0<\/p>\r\n\r\n<p>&nbsp;<\/p>\r\n","protected":false},"excerpt":{"rendered":"<p>Sommerparadies Auch in der Sommersaison stellt sich das Residence Valpiccola mit seiner Holzwohnungen<\/p>\n","protected":false},"author":1001003,"featured_media":0,"parent":2631,"menu_order":1,"comment_status":"open","ping_status":"open","template":"page-FullWidth.php","meta":{"_monsterinsights_skip_tracking":false,"_monsterinsights_sitenote_active":false,"_monsterinsights_sitenote_note":"","_monsterinsights_sitenote_category":0,"footnotes":"","_links_to":"","_links_to_target":""},"yoast_head":"<!-- This site is optimized with the Yoast SEO plugin v23.5 - https:\/\/yoast.com\/wordpress\/plugins\/seo\/ -->\n<title>Sommer - Residence and SPA Resort Valpiccola<\/title>\n<meta name=\"robots\" content=\"index, follow, max-snippet:-1, max-image-preview:large, max-video-preview:-1\" \/>\n<link rel=\"canonical\" href=\"https:\/\/www.valpiccola.it\/de\/val-di-zoldo\/sommer\/\" \/>\n<meta name=\"twitter:label1\" content=\"Gesch\u00e4tzte Lesezeit\" \/>\n\t<meta name=\"twitter:data1\" content=\"2\u00a0Minuten\" \/>\n<script type=\"application\/ld+json\" class=\"yoast-schema-graph\">{\"@context\":\"https:\/\/schema.org\",\"@graph\":[{\"@type\":\"WebPage\",\"@id\":\"https:\/\/www.valpiccola.it\/de\/val-di-zoldo\/sommer\/\",\"url\":\"https:\/\/www.valpiccola.it\/de\/val-di-zoldo\/sommer\/\",\"name\":\"Sommer - Residence and SPA Resort Valpiccola\",\"isPartOf\":{\"@id\":\"https:\/\/www.valpiccola.it\/de\/#website\"},\"datePublished\":\"2011-10-06T09:51:09+00:00\",\"dateModified\":\"2026-04-24T08:30:24+00:00\",\"breadcrumb\":{\"@id\":\"https:\/\/www.valpiccola.it\/de\/val-di-zoldo\/sommer\/#breadcrumb\"},\"inLanguage\":\"de\",\"potentialAction\":[{\"@type\":\"ReadAction\",\"target\":[\"https:\/\/www.valpiccola.it\/de\/val-di-zoldo\/sommer\/\"]}]},{\"@type\":\"BreadcrumbList\",\"@id\":\"https:\/\/www.valpiccola.it\/de\/val-di-zoldo\/sommer\/#breadcrumb\",\"itemListElement\":[{\"@type\":\"ListItem\",\"position\":1,\"name\":\"Val Di Zoldo\",\"item\":\"\/\"},{\"@type\":\"ListItem\",\"position\":2,\"name\":\"Sommer\"}]},{\"@type\":\"WebSite\",\"@id\":\"https:\/\/www.valpiccola.it\/de\/#website\",\"url\":\"https:\/\/www.valpiccola.it\/de\/\",\"name\":\"Residence and SPA Resort Valpiccola\",\"description\":\"Vacanze nelle Dolomiti in val di Zoldo - Appartamenti Residence Garni\",\"potentialAction\":[{\"@type\":\"SearchAction\",\"target\":{\"@type\":\"EntryPoint\",\"urlTemplate\":\"https:\/\/www.valpiccola.it\/de\/?s={search_term_string}\"},\"query-input\":{\"@type\":\"PropertyValueSpecification\",\"valueRequired\":true,\"valueName\":\"search_term_string\"}}],\"inLanguage\":\"de\"}]}<\/script>\n<!-- \/ Yoast SEO plugin. -->","yoast_head_json":{"title":"Sommer - Residence and SPA Resort Valpiccola","robots":{"index":"index","follow":"follow","max-snippet":"max-snippet:-1","max-image-preview":"max-image-preview:large","max-video-preview":"max-video-preview:-1"},"canonical":"https:\/\/www.valpiccola.it\/de\/val-di-zoldo\/sommer\/","twitter_misc":{"Gesch\u00e4tzte Lesezeit":"2\u00a0Minuten"},"schema":{"@context":"https:\/\/schema.org","@graph":[{"@type":"WebPage","@id":"https:\/\/www.valpiccola.it\/de\/val-di-zoldo\/sommer\/","url":"https:\/\/www.valpiccola.it\/de\/val-di-zoldo\/sommer\/","name":"Sommer - Residence and SPA Resort Valpiccola","isPartOf":{"@id":"https:\/\/www.valpiccola.it\/de\/#website"},"datePublished":"2011-10-06T09:51:09+00:00","dateModified":"2026-04-24T08:30:24+00:00","breadcrumb":{"@id":"https:\/\/www.valpiccola.it\/de\/val-di-zoldo\/sommer\/#breadcrumb"},"inLanguage":"de","potentialAction":[{"@type":"ReadAction","target":["https:\/\/www.valpiccola.it\/de\/val-di-zoldo\/sommer\/"]}]},{"@type":"BreadcrumbList","@id":"https:\/\/www.valpiccola.it\/de\/val-di-zoldo\/sommer\/#breadcrumb","itemListElement":[{"@type":"ListItem","position":1,"name":"Val Di Zoldo","item":"\/"},{"@type":"ListItem","position":2,"name":"Sommer"}]},{"@type":"WebSite","@id":"https:\/\/www.valpiccola.it\/de\/#website","url":"https:\/\/www.valpiccola.it\/de\/","name":"Residence and SPA Resort Valpiccola","description":"Vacanze nelle Dolomiti in val di Zoldo - Appartamenti Residence Garni","potentialAction":[{"@type":"SearchAction","target":{"@type":"EntryPoint","urlTemplate":"https:\/\/www.valpiccola.it\/de\/?s={search_term_string}"},"query-input":{"@type":"PropertyValueSpecification","valueRequired":true,"valueName":"search_term_string"}}],"inLanguage":"de"}]}},"_links":{"self":[{"href":"https:\/\/www.valpiccola.it\/de\/wp-json\/wp\/v2\/pages\/583"}],"collection":[{"href":"https:\/\/www.valpiccola.it\/de\/wp-json\/wp\/v2\/pages"}],"about":[{"href":"https:\/\/www.valpiccola.it\/de\/wp-json\/wp\/v2\/types\/page"}],"author":[{"embeddable":true,"href":"https:\/\/www.valpiccola.it\/de\/wp-json\/wp\/v2\/users\/1001003"}],"replies":[{"embeddable":true,"href":"https:\/\/www.valpiccola.it\/de\/wp-json\/wp\/v2\/comments?post=583"}],"version-history":[{"count":10,"href":"https:\/\/www.valpiccola.it\/de\/wp-json\/wp\/v2\/pages\/583\/revisions"}],"predecessor-version":[{"id":31310,"href":"https:\/\/www.valpiccola.it\/de\/wp-json\/wp\/v2\/pages\/583\/revisions\/31310"}],"up":[{"embeddable":true,"href":"https:\/\/www.valpiccola.it\/de\/wp-json\/wp\/v2\/pages\/2631"}],"wp:attachment":[{"href":"https:\/\/www.valpiccola.it\/de\/wp-json\/wp\/v2\/media?parent=583"}],"curies":[{"name":"wp","href":"https:\/\/api.w.org\/{rel}","templated":true}]}}