{"id":579,"date":"2011-10-06T11:49:46","date_gmt":"2011-10-06T09:49:46","guid":{"rendered":"https:\/\/www.valpiccola.it\/?page_id=579"},"modified":"2022-09-17T10:03:05","modified_gmt":"2022-09-17T08:03:05","slug":"wohnung","status":"publish","type":"page","link":"https:\/\/www.valpiccola.it\/de\/residence\/wohnung\/","title":{"rendered":"Wohnung"},"content":{"rendered":"<p>Eine neu gebaute sch\u00f6ne Apartementanlage. Ein modernes und komfortables Hotel im Herzen der Dolomiten, vollst\u00e4ndig m\u00f6bliert und in einem &#8222;zoldanischem&#8220; Stil. Die architektonischen Linien spiegeln sich in verschiedenen L\u00f6sungen wider und erinnern an den alten Scheunen\u00a0des Zoldo Tales.<\/p>\n<p>Die Anlage verf\u00fcgt \u00fcber 16 Apartments f\u00fcr 4-5 Personen, mit Holzbalkendecken und einer sch\u00f6nen Aussicht. Die Wohnungen sind von h\u00f6chster Qualit\u00e4t, alle mit LCD TV, Sat-TV, W-Lan und Balkon oder Garten ausgestattet.<\/p>\n<p>Alle Kunden haben auch freies Eingang im Schwimmbad bei Dolomia Wellness Centre<\/p>\n<p>Es gibt zwei Typologien von Wohnungen:<\/p>\n<ul>\n<li><strong>Bilo Typ 1<\/strong>: f\u00fcr 4 Personen, 38 Quadratmeter, wie folgt aufgeteilt: gro\u00dfes Wohnzimmer mit Sofa, Esstisch, K\u00fcchenzeile mit Mikrowelle und Doppelbett, Etagenbett, Balkon oder Garten, Bad, Plasma-TV, Safe.<br \/>\n<a href=\"https:\/\/www.valpiccola.it\/wp-content\/uploads\/2011\/05\/bilo1.png\"><img decoding=\"async\" title=\"bilo1\" src=\"https:\/\/www.valpiccola.it\/wp-content\/uploads\/2011\/05\/bilo1.png\" alt=\"\" width=\"302\" height=\"165\" \/><\/a><\/li>\n<\/ul>\n<ul>\n<li><strong>BILO Typ 2<\/strong>: fur 4\/5 Personen (das f\u00fcnfte Bett ist nur f\u00fcr Kinder) \u00a050 Quadratmeter folgend aufgeteilt: gro\u00dfes Wohnzimmer mit Sofa, Esstisch, K\u00fcchenzeile mit Mikrowelle und Doppelbett, Bad, Schlafzimmer mit Doppelbett und Einzelbett, Balkon oder Garten, Plasma-TV, Safe.<br \/>\n<a href=\"https:\/\/www.valpiccola.it\/wp-content\/uploads\/2011\/05\/bilo2.png\"><img fetchpriority=\"high\" decoding=\"async\" title=\"bilo2\" src=\"https:\/\/www.valpiccola.it\/wp-content\/uploads\/2011\/05\/bilo2.png\" alt=\"\" width=\"303\" height=\"185\" \/><\/a><\/li>\n<\/ul>\n<p>Besuchen Sie das Innere des Residence Valpiccola auf einer\u00a0<a href=\"https:\/\/www.valpiccola.it\/tour-virtuale\/\">virtuellen tour<\/a>!<\/p>\n<style type=\"text\/css\">\n#foogallery-gallery-30342.fg-justified .fg-item { margin-right: 1px; margin-bottom: 1px; }\n#foogallery-gallery-30342.fg-justified .fg-image { height: 200px; }<\/style>\n\t\t\t<div class=\"foogallery foogallery-container foogallery-justified foogallery-lightbox-foobox fg-justified fg-ready fg-light fg-loading-default fg-loaded-fade-in fg-hover-zoomed fg-caption-always fg-hover-instant fg-transparent-overlays\" id=\"foogallery-gallery-30342\" data-foogallery=\"{&quot;item&quot;:{&quot;showCaptionTitle&quot;:true,&quot;showCaptionDescription&quot;:false},&quot;lazy&quot;:true,&quot;template&quot;:{&quot;rowHeight&quot;:200,&quot;maxRowHeight&quot;:300,&quot;margins&quot;:1,&quot;align&quot;:&quot;center&quot;,&quot;lastRow&quot;:&quot;smart&quot;}}\" style=\"--fg-title-line-clamp: 0; --fg-description-line-clamp: 0;\" >\n\t<div class=\"fg-item fg-type-image fg-idle\"><figure class=\"fg-item-inner\"><a href=\"https:\/\/www.valpiccola.it\/wp-content\/uploads\/2021\/07\/MG_6240-scaled.jpg\" data-attachment-id=\"30345\" data-e-disable-page-transition=\"true\" data-type=\"image\" class=\"fg-thumb\"><span class=\"fg-image-wrap\"><img decoding=\"async\" height=\"300\" width=\"200\" class=\"skip-lazy fg-image\" data-src-fg=\"https:\/\/www.valpiccola.it\/wp-content\/uploads\/cache\/2021\/07\/MG_6240-scaled\/3662171673.jpg\" src=\"data:image\/svg+xml,%3Csvg%20xmlns%3D%22http%3A%2F%2Fwww.w3.org%2F2000%2Fsvg%22%20width%3D%22200%22%20height%3D%22300%22%20viewBox%3D%220%200%20200%20300%22%3E%3C%2Fsvg%3E\" loading=\"eager\"><\/span><span class=\"fg-image-overlay\"><\/span><\/a><\/figure><div class=\"fg-loader\"><\/div><\/div><div class=\"fg-item fg-type-image fg-idle\"><figure class=\"fg-item-inner\"><a href=\"https:\/\/www.valpiccola.it\/wp-content\/uploads\/2021\/07\/MG_6249-scaled.jpg\" data-attachment-id=\"30348\" data-e-disable-page-transition=\"true\" data-type=\"image\" class=\"fg-thumb\"><span class=\"fg-image-wrap\"><img decoding=\"async\" height=\"300\" width=\"200\" class=\"skip-lazy fg-image\" data-src-fg=\"https:\/\/www.valpiccola.it\/wp-content\/uploads\/cache\/2021\/07\/MG_6249-scaled\/2550629673.jpg\" src=\"data:image\/svg+xml,%3Csvg%20xmlns%3D%22http%3A%2F%2Fwww.w3.org%2F2000%2Fsvg%22%20width%3D%22200%22%20height%3D%22300%22%20viewBox%3D%220%200%20200%20300%22%3E%3C%2Fsvg%3E\" loading=\"eager\"><\/span><span class=\"fg-image-overlay\"><\/span><\/a><\/figure><div class=\"fg-loader\"><\/div><\/div><div class=\"fg-item fg-type-image fg-idle\"><figure class=\"fg-item-inner\"><a href=\"https:\/\/www.valpiccola.it\/wp-content\/uploads\/2021\/07\/IMG_9205.jpg\" data-attachment-id=\"30375\" data-e-disable-page-transition=\"true\" data-type=\"image\" class=\"fg-thumb\"><span class=\"fg-image-wrap\"><img decoding=\"async\" height=\"300\" width=\"400\" class=\"skip-lazy fg-image\" data-src-fg=\"https:\/\/www.valpiccola.it\/wp-content\/uploads\/cache\/2021\/07\/IMG_9205\/4255030388.jpg\" src=\"data:image\/svg+xml,%3Csvg%20xmlns%3D%22http%3A%2F%2Fwww.w3.org%2F2000%2Fsvg%22%20width%3D%22400%22%20height%3D%22300%22%20viewBox%3D%220%200%20400%20300%22%3E%3C%2Fsvg%3E\" loading=\"eager\"><\/span><span class=\"fg-image-overlay\"><\/span><\/a><\/figure><div class=\"fg-loader\"><\/div><\/div><div class=\"fg-item fg-type-image fg-idle\"><figure class=\"fg-item-inner\"><a href=\"https:\/\/www.valpiccola.it\/wp-content\/uploads\/2021\/07\/MG_6331-scaled.jpg\" data-attachment-id=\"30357\" data-e-disable-page-transition=\"true\" data-type=\"image\" class=\"fg-thumb\"><span class=\"fg-image-wrap\"><img decoding=\"async\" height=\"300\" width=\"200\" class=\"skip-lazy fg-image\" data-src-fg=\"https:\/\/www.valpiccola.it\/wp-content\/uploads\/cache\/2021\/07\/MG_6331-scaled\/2830001504.jpg\" src=\"data:image\/svg+xml,%3Csvg%20xmlns%3D%22http%3A%2F%2Fwww.w3.org%2F2000%2Fsvg%22%20width%3D%22200%22%20height%3D%22300%22%20viewBox%3D%220%200%20200%20300%22%3E%3C%2Fsvg%3E\" loading=\"eager\"><\/span><span class=\"fg-image-overlay\"><\/span><\/a><\/figure><div class=\"fg-loader\"><\/div><\/div><div class=\"fg-item fg-type-image fg-idle\"><figure class=\"fg-item-inner\"><a href=\"https:\/\/www.valpiccola.it\/wp-content\/uploads\/2021\/07\/48b39afb-4b6e-4c29-bf1a-95a57da75073.jpg\" data-attachment-id=\"30366\" data-e-disable-page-transition=\"true\" data-type=\"image\" class=\"fg-thumb\"><span class=\"fg-image-wrap\"><img decoding=\"async\" height=\"300\" width=\"200\" class=\"skip-lazy fg-image\" data-src-fg=\"https:\/\/www.valpiccola.it\/wp-content\/uploads\/cache\/2021\/07\/48b39afb-4b6e-4c29-bf1a-95a57da75073\/2480400495.jpg\" src=\"data:image\/svg+xml,%3Csvg%20xmlns%3D%22http%3A%2F%2Fwww.w3.org%2F2000%2Fsvg%22%20width%3D%22200%22%20height%3D%22300%22%20viewBox%3D%220%200%20200%20300%22%3E%3C%2Fsvg%3E\" loading=\"eager\"><\/span><span class=\"fg-image-overlay\"><\/span><\/a><\/figure><div class=\"fg-loader\"><\/div><\/div><div class=\"fg-item fg-type-image fg-idle\"><figure class=\"fg-item-inner\"><a href=\"https:\/\/www.valpiccola.it\/wp-content\/uploads\/2021\/07\/MG_6339-scaled.jpg\" data-attachment-id=\"30360\" data-e-disable-page-transition=\"true\" data-type=\"image\" class=\"fg-thumb\"><span class=\"fg-image-wrap\"><img decoding=\"async\" height=\"300\" width=\"450\" class=\"skip-lazy fg-image\" data-src-fg=\"https:\/\/www.valpiccola.it\/wp-content\/uploads\/cache\/2021\/07\/MG_6339-scaled\/3091121143.jpg\" src=\"data:image\/svg+xml,%3Csvg%20xmlns%3D%22http%3A%2F%2Fwww.w3.org%2F2000%2Fsvg%22%20width%3D%22450%22%20height%3D%22300%22%20viewBox%3D%220%200%20450%20300%22%3E%3C%2Fsvg%3E\" loading=\"eager\"><\/span><span class=\"fg-image-overlay\"><\/span><\/a><\/figure><div class=\"fg-loader\"><\/div><\/div><div class=\"fg-item fg-type-image fg-idle\"><figure class=\"fg-item-inner\"><a href=\"https:\/\/www.valpiccola.it\/wp-content\/uploads\/2021\/07\/MG_6278-scaled.jpg\" data-attachment-id=\"30351\" data-e-disable-page-transition=\"true\" data-type=\"image\" class=\"fg-thumb\"><span class=\"fg-image-wrap\"><img decoding=\"async\" height=\"300\" width=\"200\" class=\"skip-lazy fg-image\" data-src-fg=\"https:\/\/www.valpiccola.it\/wp-content\/uploads\/cache\/2021\/07\/MG_6278-scaled\/289016984.jpg\" src=\"data:image\/svg+xml,%3Csvg%20xmlns%3D%22http%3A%2F%2Fwww.w3.org%2F2000%2Fsvg%22%20width%3D%22200%22%20height%3D%22300%22%20viewBox%3D%220%200%20200%20300%22%3E%3C%2Fsvg%3E\" loading=\"eager\"><\/span><span class=\"fg-image-overlay\"><\/span><\/a><\/figure><div class=\"fg-loader\"><\/div><\/div><div class=\"fg-item fg-type-image fg-idle\"><figure class=\"fg-item-inner\"><a href=\"https:\/\/www.valpiccola.it\/wp-content\/uploads\/2021\/07\/9f792631-4cd8-46fb-94b8-262b4244fd5a.jpg\" data-attachment-id=\"30363\" data-e-disable-page-transition=\"true\" data-type=\"image\" class=\"fg-thumb\"><span class=\"fg-image-wrap\"><img decoding=\"async\" height=\"300\" width=\"505\" class=\"skip-lazy fg-image\" data-src-fg=\"https:\/\/www.valpiccola.it\/wp-content\/uploads\/cache\/2021\/07\/9f792631-4cd8-46fb-94b8-262b4244fd5a\/3234796633.jpg\" src=\"data:image\/svg+xml,%3Csvg%20xmlns%3D%22http%3A%2F%2Fwww.w3.org%2F2000%2Fsvg%22%20width%3D%22505%22%20height%3D%22300%22%20viewBox%3D%220%200%20505%20300%22%3E%3C%2Fsvg%3E\" loading=\"eager\"><\/span><span class=\"fg-image-overlay\"><\/span><\/a><\/figure><div class=\"fg-loader\"><\/div><\/div><div class=\"fg-item fg-type-image fg-idle\"><figure class=\"fg-item-inner\"><a href=\"https:\/\/www.valpiccola.it\/wp-content\/uploads\/2021\/07\/f4083bbf-e912-42e0-8b8e-684fc10ec6a2.jpg\" data-attachment-id=\"30369\" data-e-disable-page-transition=\"true\" data-type=\"image\" class=\"fg-thumb\"><span class=\"fg-image-wrap\"><img decoding=\"async\" height=\"300\" width=\"450\" class=\"skip-lazy fg-image\" data-src-fg=\"https:\/\/www.valpiccola.it\/wp-content\/uploads\/cache\/2021\/07\/f4083bbf-e912-42e0-8b8e-684fc10ec6a2\/3273464193.jpg\" src=\"data:image\/svg+xml,%3Csvg%20xmlns%3D%22http%3A%2F%2Fwww.w3.org%2F2000%2Fsvg%22%20width%3D%22450%22%20height%3D%22300%22%20viewBox%3D%220%200%20450%20300%22%3E%3C%2Fsvg%3E\" loading=\"eager\"><\/span><span class=\"fg-image-overlay\"><\/span><\/a><\/figure><div class=\"fg-loader\"><\/div><\/div><div class=\"fg-item fg-type-image fg-idle\"><figure class=\"fg-item-inner\"><a href=\"https:\/\/www.valpiccola.it\/wp-content\/uploads\/2021\/07\/MG_6315-scaled.jpg\" data-attachment-id=\"30354\" data-e-disable-page-transition=\"true\" data-type=\"image\" class=\"fg-thumb\"><span class=\"fg-image-wrap\"><img decoding=\"async\" height=\"300\" width=\"200\" class=\"skip-lazy fg-image\" data-src-fg=\"https:\/\/www.valpiccola.it\/wp-content\/uploads\/cache\/2021\/07\/MG_6315-scaled\/116546281.jpg\" src=\"data:image\/svg+xml,%3Csvg%20xmlns%3D%22http%3A%2F%2Fwww.w3.org%2F2000%2Fsvg%22%20width%3D%22200%22%20height%3D%22300%22%20viewBox%3D%220%200%20200%20300%22%3E%3C%2Fsvg%3E\" loading=\"eager\"><\/span><span class=\"fg-image-overlay\"><\/span><\/a><\/figure><div class=\"fg-loader\"><\/div><\/div><div class=\"fg-item fg-type-image fg-idle\"><figure class=\"fg-item-inner\"><a href=\"https:\/\/www.valpiccola.it\/wp-content\/uploads\/2021\/07\/IMG_9200-rotated.jpg\" data-attachment-id=\"30372\" data-e-disable-page-transition=\"true\" data-type=\"image\" class=\"fg-thumb\"><span class=\"fg-image-wrap\"><img decoding=\"async\" height=\"300\" width=\"225\" class=\"skip-lazy fg-image\" data-src-fg=\"https:\/\/www.valpiccola.it\/wp-content\/uploads\/cache\/2021\/07\/IMG_9200-rotated\/640610438.jpg\" src=\"data:image\/svg+xml,%3Csvg%20xmlns%3D%22http%3A%2F%2Fwww.w3.org%2F2000%2Fsvg%22%20width%3D%22225%22%20height%3D%22300%22%20viewBox%3D%220%200%20225%20300%22%3E%3C%2Fsvg%3E\" loading=\"eager\"><\/span><span class=\"fg-image-overlay\"><\/span><\/a><\/figure><div class=\"fg-loader\"><\/div><\/div><div class=\"fg-item fg-type-image fg-idle\"><figure class=\"fg-item-inner\"><a href=\"https:\/\/www.valpiccola.it\/wp-content\/uploads\/2021\/07\/image009.jpg\" data-attachment-id=\"30791\" data-e-disable-page-transition=\"true\" data-type=\"image\" class=\"fg-thumb\"><span class=\"fg-image-wrap\"><img decoding=\"async\" height=\"300\" width=\"449\" class=\"skip-lazy fg-image\" data-src-fg=\"https:\/\/www.valpiccola.it\/wp-content\/uploads\/cache\/2021\/07\/image009\/3471770084.jpg\" src=\"data:image\/svg+xml,%3Csvg%20xmlns%3D%22http%3A%2F%2Fwww.w3.org%2F2000%2Fsvg%22%20width%3D%22449%22%20height%3D%22300%22%20viewBox%3D%220%200%20449%20300%22%3E%3C%2Fsvg%3E\" loading=\"eager\"><\/span><span class=\"fg-image-overlay\"><\/span><\/a><\/figure><div class=\"fg-loader\"><\/div><\/div><div class=\"fg-item fg-type-image fg-idle\"><figure class=\"fg-item-inner\"><a href=\"https:\/\/www.valpiccola.it\/wp-content\/uploads\/2021\/07\/image011.jpg\" data-attachment-id=\"30794\" data-e-disable-page-transition=\"true\" data-type=\"image\" class=\"fg-thumb\"><span class=\"fg-image-wrap\"><img decoding=\"async\" height=\"300\" width=\"449\" class=\"skip-lazy fg-image\" data-src-fg=\"https:\/\/www.valpiccola.it\/wp-content\/uploads\/cache\/2021\/07\/image011\/3714992834.jpg\" src=\"data:image\/svg+xml,%3Csvg%20xmlns%3D%22http%3A%2F%2Fwww.w3.org%2F2000%2Fsvg%22%20width%3D%22449%22%20height%3D%22300%22%20viewBox%3D%220%200%20449%20300%22%3E%3C%2Fsvg%3E\" loading=\"eager\"><\/span><span class=\"fg-image-overlay\"><\/span><\/a><\/figure><div class=\"fg-loader\"><\/div><\/div><div class=\"fg-item fg-type-image fg-idle\"><figure class=\"fg-item-inner\"><a href=\"https:\/\/www.valpiccola.it\/wp-content\/uploads\/2021\/07\/image012.jpg\" data-attachment-id=\"30797\" data-e-disable-page-transition=\"true\" data-type=\"image\" class=\"fg-thumb\"><span class=\"fg-image-wrap\"><img decoding=\"async\" height=\"300\" width=\"449\" class=\"skip-lazy fg-image\" data-src-fg=\"https:\/\/www.valpiccola.it\/wp-content\/uploads\/cache\/2021\/07\/image012\/518753937.jpg\" src=\"data:image\/svg+xml,%3Csvg%20xmlns%3D%22http%3A%2F%2Fwww.w3.org%2F2000%2Fsvg%22%20width%3D%22449%22%20height%3D%22300%22%20viewBox%3D%220%200%20449%20300%22%3E%3C%2Fsvg%3E\" loading=\"eager\"><\/span><span class=\"fg-image-overlay\"><\/span><\/a><\/figure><div class=\"fg-loader\"><\/div><\/div><div class=\"fg-item fg-type-image fg-idle\"><figure class=\"fg-item-inner\"><a href=\"https:\/\/www.valpiccola.it\/wp-content\/uploads\/2021\/07\/image015.jpg\" data-attachment-id=\"30800\" data-e-disable-page-transition=\"true\" data-type=\"image\" class=\"fg-thumb\"><span class=\"fg-image-wrap\"><img decoding=\"async\" height=\"300\" width=\"449\" class=\"skip-lazy fg-image\" data-src-fg=\"https:\/\/www.valpiccola.it\/wp-content\/uploads\/cache\/2021\/07\/image015\/3578930867.jpg\" src=\"data:image\/svg+xml,%3Csvg%20xmlns%3D%22http%3A%2F%2Fwww.w3.org%2F2000%2Fsvg%22%20width%3D%22449%22%20height%3D%22300%22%20viewBox%3D%220%200%20449%20300%22%3E%3C%2Fsvg%3E\" loading=\"eager\"><\/span><span class=\"fg-image-overlay\"><\/span><\/a><\/figure><div class=\"fg-loader\"><\/div><\/div><div class=\"fg-item fg-type-image fg-idle\"><figure class=\"fg-item-inner\"><a href=\"https:\/\/www.valpiccola.it\/wp-content\/uploads\/2021\/07\/piscina-scaled.jpg\" data-attachment-id=\"31055\" data-e-disable-page-transition=\"true\" data-type=\"image\" class=\"fg-thumb\"><span class=\"fg-image-wrap\"><img decoding=\"async\" height=\"300\" width=\"534\" class=\"skip-lazy fg-image\" data-src-fg=\"https:\/\/www.valpiccola.it\/wp-content\/uploads\/cache\/2021\/07\/piscina-scaled\/3503465962.jpg\" src=\"data:image\/svg+xml,%3Csvg%20xmlns%3D%22http%3A%2F%2Fwww.w3.org%2F2000%2Fsvg%22%20width%3D%22534%22%20height%3D%22300%22%20viewBox%3D%220%200%20534%20300%22%3E%3C%2Fsvg%3E\" loading=\"eager\"><\/span><span class=\"fg-image-overlay\"><\/span><\/a><\/figure><div class=\"fg-loader\"><\/div><\/div><\/div>\n\n","protected":false},"excerpt":{"rendered":"<p>Eine neu gebaute sch\u00f6ne Apartementanlage. Ein modernes und komfortables Hotel im Herzen der<\/p>\n","protected":false},"author":1001003,"featured_media":0,"parent":2610,"menu_order":0,"comment_status":"open","ping_status":"open","template":"page-FullWidth.php","meta":{"_monsterinsights_skip_tracking":false,"_monsterinsights_sitenote_active":false,"_monsterinsights_sitenote_note":"","_monsterinsights_sitenote_category":0,"footnotes":"","_links_to":"","_links_to_target":""},"yoast_head":"<!-- This site is optimized with the Yoast SEO plugin v23.5 - https:\/\/yoast.com\/wordpress\/plugins\/seo\/ -->\n<title>Wohnung - Residence and SPA Resort Valpiccola<\/title>\n<meta name=\"robots\" content=\"index, follow, max-snippet:-1, max-image-preview:large, max-video-preview:-1\" \/>\n<link rel=\"canonical\" href=\"https:\/\/www.valpiccola.it\/de\/residence\/wohnung\/\" \/>\n<meta name=\"twitter:label1\" content=\"Gesch\u00e4tzte Lesezeit\" \/>\n\t<meta name=\"twitter:data1\" content=\"2\u00a0Minuten\" \/>\n<script type=\"application\/ld+json\" class=\"yoast-schema-graph\">{\"@context\":\"https:\/\/schema.org\",\"@graph\":[{\"@type\":\"WebPage\",\"@id\":\"https:\/\/www.valpiccola.it\/de\/residence\/wohnung\/\",\"url\":\"https:\/\/www.valpiccola.it\/de\/residence\/wohnung\/\",\"name\":\"Wohnung - Residence and SPA Resort Valpiccola\",\"isPartOf\":{\"@id\":\"https:\/\/www.valpiccola.it\/de\/#website\"},\"primaryImageOfPage\":{\"@id\":\"https:\/\/www.valpiccola.it\/de\/residence\/wohnung\/#primaryimage\"},\"image\":{\"@id\":\"https:\/\/www.valpiccola.it\/de\/residence\/wohnung\/#primaryimage\"},\"thumbnailUrl\":\"https:\/\/www.valpiccola.it\/wp-content\/uploads\/2011\/05\/bilo1.png\",\"datePublished\":\"2011-10-06T09:49:46+00:00\",\"dateModified\":\"2022-09-17T08:03:05+00:00\",\"breadcrumb\":{\"@id\":\"https:\/\/www.valpiccola.it\/de\/residence\/wohnung\/#breadcrumb\"},\"inLanguage\":\"de\",\"potentialAction\":[{\"@type\":\"ReadAction\",\"target\":[\"https:\/\/www.valpiccola.it\/de\/residence\/wohnung\/\"]}]},{\"@type\":\"ImageObject\",\"inLanguage\":\"de\",\"@id\":\"https:\/\/www.valpiccola.it\/de\/residence\/wohnung\/#primaryimage\",\"url\":\"https:\/\/www.valpiccola.it\/wp-content\/uploads\/2011\/05\/bilo1.png\",\"contentUrl\":\"https:\/\/www.valpiccola.it\/wp-content\/uploads\/2011\/05\/bilo1.png\"},{\"@type\":\"BreadcrumbList\",\"@id\":\"https:\/\/www.valpiccola.it\/de\/residence\/wohnung\/#breadcrumb\",\"itemListElement\":[{\"@type\":\"ListItem\",\"position\":1,\"name\":\"Residence\",\"item\":\"\/\"},{\"@type\":\"ListItem\",\"position\":2,\"name\":\"Wohnung\"}]},{\"@type\":\"WebSite\",\"@id\":\"https:\/\/www.valpiccola.it\/de\/#website\",\"url\":\"https:\/\/www.valpiccola.it\/de\/\",\"name\":\"Residence and SPA Resort Valpiccola\",\"description\":\"Vacanze nelle Dolomiti in val di Zoldo - Appartamenti Residence Garni\",\"potentialAction\":[{\"@type\":\"SearchAction\",\"target\":{\"@type\":\"EntryPoint\",\"urlTemplate\":\"https:\/\/www.valpiccola.it\/de\/?s={search_term_string}\"},\"query-input\":{\"@type\":\"PropertyValueSpecification\",\"valueRequired\":true,\"valueName\":\"search_term_string\"}}],\"inLanguage\":\"de\"}]}<\/script>\n<!-- \/ Yoast SEO plugin. -->","yoast_head_json":{"title":"Wohnung - Residence and SPA Resort Valpiccola","robots":{"index":"index","follow":"follow","max-snippet":"max-snippet:-1","max-image-preview":"max-image-preview:large","max-video-preview":"max-video-preview:-1"},"canonical":"https:\/\/www.valpiccola.it\/de\/residence\/wohnung\/","twitter_misc":{"Gesch\u00e4tzte Lesezeit":"2\u00a0Minuten"},"schema":{"@context":"https:\/\/schema.org","@graph":[{"@type":"WebPage","@id":"https:\/\/www.valpiccola.it\/de\/residence\/wohnung\/","url":"https:\/\/www.valpiccola.it\/de\/residence\/wohnung\/","name":"Wohnung - Residence and SPA Resort Valpiccola","isPartOf":{"@id":"https:\/\/www.valpiccola.it\/de\/#website"},"primaryImageOfPage":{"@id":"https:\/\/www.valpiccola.it\/de\/residence\/wohnung\/#primaryimage"},"image":{"@id":"https:\/\/www.valpiccola.it\/de\/residence\/wohnung\/#primaryimage"},"thumbnailUrl":"https:\/\/www.valpiccola.it\/wp-content\/uploads\/2011\/05\/bilo1.png","datePublished":"2011-10-06T09:49:46+00:00","dateModified":"2022-09-17T08:03:05+00:00","breadcrumb":{"@id":"https:\/\/www.valpiccola.it\/de\/residence\/wohnung\/#breadcrumb"},"inLanguage":"de","potentialAction":[{"@type":"ReadAction","target":["https:\/\/www.valpiccola.it\/de\/residence\/wohnung\/"]}]},{"@type":"ImageObject","inLanguage":"de","@id":"https:\/\/www.valpiccola.it\/de\/residence\/wohnung\/#primaryimage","url":"https:\/\/www.valpiccola.it\/wp-content\/uploads\/2011\/05\/bilo1.png","contentUrl":"https:\/\/www.valpiccola.it\/wp-content\/uploads\/2011\/05\/bilo1.png"},{"@type":"BreadcrumbList","@id":"https:\/\/www.valpiccola.it\/de\/residence\/wohnung\/#breadcrumb","itemListElement":[{"@type":"ListItem","position":1,"name":"Residence","item":"\/"},{"@type":"ListItem","position":2,"name":"Wohnung"}]},{"@type":"WebSite","@id":"https:\/\/www.valpiccola.it\/de\/#website","url":"https:\/\/www.valpiccola.it\/de\/","name":"Residence and SPA Resort Valpiccola","description":"Vacanze nelle Dolomiti in val di Zoldo - Appartamenti Residence Garni","potentialAction":[{"@type":"SearchAction","target":{"@type":"EntryPoint","urlTemplate":"https:\/\/www.valpiccola.it\/de\/?s={search_term_string}"},"query-input":{"@type":"PropertyValueSpecification","valueRequired":true,"valueName":"search_term_string"}}],"inLanguage":"de"}]}},"_links":{"self":[{"href":"https:\/\/www.valpiccola.it\/de\/wp-json\/wp\/v2\/pages\/579"}],"collection":[{"href":"https:\/\/www.valpiccola.it\/de\/wp-json\/wp\/v2\/pages"}],"about":[{"href":"https:\/\/www.valpiccola.it\/de\/wp-json\/wp\/v2\/types\/page"}],"author":[{"embeddable":true,"href":"https:\/\/www.valpiccola.it\/de\/wp-json\/wp\/v2\/users\/1001003"}],"replies":[{"embeddable":true,"href":"https:\/\/www.valpiccola.it\/de\/wp-json\/wp\/v2\/comments?post=579"}],"version-history":[{"count":14,"href":"https:\/\/www.valpiccola.it\/de\/wp-json\/wp\/v2\/pages\/579\/revisions"}],"predecessor-version":[{"id":30807,"href":"https:\/\/www.valpiccola.it\/de\/wp-json\/wp\/v2\/pages\/579\/revisions\/30807"}],"up":[{"embeddable":true,"href":"https:\/\/www.valpiccola.it\/de\/wp-json\/wp\/v2\/pages\/2610"}],"wp:attachment":[{"href":"https:\/\/www.valpiccola.it\/de\/wp-json\/wp\/v2\/media?parent=579"}],"curies":[{"name":"wp","href":"https:\/\/api.w.org\/{rel}","templated":true}]}}