{"id":30572,"date":"2021-08-12T09:42:38","date_gmt":"2021-08-12T07:42:38","guid":{"rendered":"https:\/\/www.valpiccola.it\/?page_id=30572"},"modified":"2021-08-12T09:44:14","modified_gmt":"2021-08-12T07:44:14","slug":"cookie-richtlinie","status":"publish","type":"page","link":"https:\/\/www.valpiccola.it\/de\/cookie-richtlinie\/","title":{"rendered":"Cookie-Richtlinie"},"content":{"rendered":"\n<p><strong>Wie Wir Cookies verwenden<br><\/strong>Ein Cookie ist ein kleiner Text, der von einer von Ihnen besuchten Website an Ihren Browser gesendet wird. Es hilft der Website, sich Informationen \u00fcber Ihren Besuch zu merken, wie Ihre bevorzugte Sprache und andere Einstellungen. Dies kann Ihren n\u00e4chsten Besuch erleichtern und die Website f\u00fcr Sie n\u00fctzlicher machen. Cookies spielen eine wichtige Rolle. Ohne sie w\u00e4re die Nutzung des Webs eine viel frustrierendere Erfahrung.<br>Wir verwenden Cookies f\u00fcr viele Zwecke. Wir verwenden sie zum Beispiel, um Ihre Pr\u00e4ferenzen zu speichern, die Anzeigen, die Sie sehen, f\u00fcr Sie relevanter zu machen, um zu z\u00e4hlen, wie viele Besucher wir auf einer Seite erhalten, um Ihnen bei der Anmeldung f\u00fcr unsere Dienste zu helfen und Ihre Daten zu sch\u00fctzen.<\/p>\n\n\n\n<p><strong>Google Analytics-Statistiken<br><\/strong>Website-Bewegungen werden von Google Analytics \u00fcberwacht. Es soll Informationen \u00fcber die Art und Popularit\u00e4t unserer Seiten sammeln. Sie erkl\u00e4ren sich mit der Erhebung der Daten durch den Besuch unserer Seite einverstanden.<\/p>\n\n\n\n<p><strong>Cookie-Datei l\u00f6schen<br><\/strong>Wenn Sie Google Chrome verwenden, k\u00f6nnen Sie<a href=\"https:\/\/support.google.com\/chrome\/answer\/95647?hl=en\" target=\"_blank\" rel=\"noreferrer noopener\"> hier<\/a> die Cookie-Einstellungen \u00e4ndern.<br>Wenn Sie den Microsoft Internet Explorer verwenden, k\u00f6nnen Sie <a href=\"http:\/\/windows.microsoft.com\/en-ZA\/windows7\/How-to-manage-cookies-in-Internet-Explorer-9\" target=\"_blank\" rel=\"noreferrer noopener\">hier<\/a> die Cookie-Einstellungen \u00e4ndern.<br>Wenn Sie Mozilla Firefox verwenden, k\u00f6nnen Sie<a href=\"https:\/\/support.mozilla.org\/en-US\/kb\/enable-and-disable-cookies-website-preferences\" target=\"_blank\" rel=\"noreferrer noopener\"> hier<\/a> die Cookie-Einstellungen \u00e4ndern.<br>Wenn Sie Opera verwenden, k\u00f6nnen Sie <a href=\"http:\/\/www.opera.com\/help\/tutorials\/security\/privacy\/\" target=\"_blank\" rel=\"noreferrer noopener\">hier<\/a> die Cookie-Einstellungen \u00e4ndern.<br>Wenn Sie Safari verwenden, k\u00f6nnen Sie <a href=\"https:\/\/support.apple.com\/en-us\/HT201265\" target=\"_blank\" rel=\"noreferrer noopener\">hier<\/a> die Cookie-Einstellungen \u00e4ndern.<br>Wenn Sie einen anderen Browser verwenden, gehen Sie zum \u201eHilfebereich\u201c Ihres Browsers oder wenden Sie sich an dessen Entwickler, um Informationen zum \u00c4ndern der Einstellungen der Cookie-Dateien zu erhalten.<\/p>\n","protected":false},"excerpt":{"rendered":"<p>Wie Wir Cookies verwendenEin Cookie ist ein kleiner Text, der von einer von<\/p>\n","protected":false},"author":1001003,"featured_media":0,"parent":0,"menu_order":0,"comment_status":"closed","ping_status":"closed","template":"","meta":{"_monsterinsights_skip_tracking":false,"_monsterinsights_sitenote_active":false,"_monsterinsights_sitenote_note":"","_monsterinsights_sitenote_category":0,"footnotes":"","_links_to":"","_links_to_target":""},"yoast_head":"<!-- This site is optimized with the Yoast SEO plugin v23.5 - https:\/\/yoast.com\/wordpress\/plugins\/seo\/ -->\n<title>Cookie-Richtlinie - Residence and SPA Resort Valpiccola<\/title>\n<meta name=\"robots\" content=\"index, follow, max-snippet:-1, max-image-preview:large, max-video-preview:-1\" \/>\n<link rel=\"canonical\" href=\"https:\/\/www.valpiccola.it\/de\/cookie-richtlinie\/\" \/>\n<meta name=\"twitter:label1\" content=\"Gesch\u00e4tzte Lesezeit\" \/>\n\t<meta name=\"twitter:data1\" content=\"2\u00a0Minuten\" \/>\n<script type=\"application\/ld+json\" class=\"yoast-schema-graph\">{\"@context\":\"https:\/\/schema.org\",\"@graph\":[{\"@type\":\"WebPage\",\"@id\":\"https:\/\/www.valpiccola.it\/de\/cookie-richtlinie\/\",\"url\":\"https:\/\/www.valpiccola.it\/de\/cookie-richtlinie\/\",\"name\":\"Cookie-Richtlinie - Residence and SPA Resort Valpiccola\",\"isPartOf\":{\"@id\":\"https:\/\/www.valpiccola.it\/de\/#website\"},\"datePublished\":\"2021-08-12T07:42:38+00:00\",\"dateModified\":\"2021-08-12T07:44:14+00:00\",\"inLanguage\":\"de\",\"potentialAction\":[{\"@type\":\"ReadAction\",\"target\":[\"https:\/\/www.valpiccola.it\/de\/cookie-richtlinie\/\"]}]},{\"@type\":\"WebSite\",\"@id\":\"https:\/\/www.valpiccola.it\/de\/#website\",\"url\":\"https:\/\/www.valpiccola.it\/de\/\",\"name\":\"Residence and SPA Resort Valpiccola\",\"description\":\"Vacanze nelle Dolomiti in val di Zoldo - Appartamenti Residence Garni\",\"potentialAction\":[{\"@type\":\"SearchAction\",\"target\":{\"@type\":\"EntryPoint\",\"urlTemplate\":\"https:\/\/www.valpiccola.it\/de\/?s={search_term_string}\"},\"query-input\":{\"@type\":\"PropertyValueSpecification\",\"valueRequired\":true,\"valueName\":\"search_term_string\"}}],\"inLanguage\":\"de\"}]}<\/script>\n<!-- \/ Yoast SEO plugin. -->","yoast_head_json":{"title":"Cookie-Richtlinie - Residence and SPA Resort Valpiccola","robots":{"index":"index","follow":"follow","max-snippet":"max-snippet:-1","max-image-preview":"max-image-preview:large","max-video-preview":"max-video-preview:-1"},"canonical":"https:\/\/www.valpiccola.it\/de\/cookie-richtlinie\/","twitter_misc":{"Gesch\u00e4tzte Lesezeit":"2\u00a0Minuten"},"schema":{"@context":"https:\/\/schema.org","@graph":[{"@type":"WebPage","@id":"https:\/\/www.valpiccola.it\/de\/cookie-richtlinie\/","url":"https:\/\/www.valpiccola.it\/de\/cookie-richtlinie\/","name":"Cookie-Richtlinie - Residence and SPA Resort Valpiccola","isPartOf":{"@id":"https:\/\/www.valpiccola.it\/de\/#website"},"datePublished":"2021-08-12T07:42:38+00:00","dateModified":"2021-08-12T07:44:14+00:00","inLanguage":"de","potentialAction":[{"@type":"ReadAction","target":["https:\/\/www.valpiccola.it\/de\/cookie-richtlinie\/"]}]},{"@type":"WebSite","@id":"https:\/\/www.valpiccola.it\/de\/#website","url":"https:\/\/www.valpiccola.it\/de\/","name":"Residence and SPA Resort Valpiccola","description":"Vacanze nelle Dolomiti in val di Zoldo - Appartamenti Residence Garni","potentialAction":[{"@type":"SearchAction","target":{"@type":"EntryPoint","urlTemplate":"https:\/\/www.valpiccola.it\/de\/?s={search_term_string}"},"query-input":{"@type":"PropertyValueSpecification","valueRequired":true,"valueName":"search_term_string"}}],"inLanguage":"de"}]}},"_links":{"self":[{"href":"https:\/\/www.valpiccola.it\/de\/wp-json\/wp\/v2\/pages\/30572"}],"collection":[{"href":"https:\/\/www.valpiccola.it\/de\/wp-json\/wp\/v2\/pages"}],"about":[{"href":"https:\/\/www.valpiccola.it\/de\/wp-json\/wp\/v2\/types\/page"}],"author":[{"embeddable":true,"href":"https:\/\/www.valpiccola.it\/de\/wp-json\/wp\/v2\/users\/1001003"}],"replies":[{"embeddable":true,"href":"https:\/\/www.valpiccola.it\/de\/wp-json\/wp\/v2\/comments?post=30572"}],"version-history":[{"count":2,"href":"https:\/\/www.valpiccola.it\/de\/wp-json\/wp\/v2\/pages\/30572\/revisions"}],"predecessor-version":[{"id":30575,"href":"https:\/\/www.valpiccola.it\/de\/wp-json\/wp\/v2\/pages\/30572\/revisions\/30575"}],"wp:attachment":[{"href":"https:\/\/www.valpiccola.it\/de\/wp-json\/wp\/v2\/media?parent=30572"}],"curies":[{"name":"wp","href":"https:\/\/api.w.org\/{rel}","templated":true}]}}